{"id":3251,"date":"2014-05-29T15:23:04","date_gmt":"2014-05-29T14:23:04","guid":{"rendered":"https:\/\/eucloud.com\/support\/?page_id=3251"},"modified":"2021-05-06T20:54:46","modified_gmt":"2021-05-06T18:54:46","slug":"strona-glowna","status":"publish","type":"page","link":"https:\/\/homecloud.pl\/support\/","title":{"rendered":"Strona g\u0142\u00f3wna"},"content":{"rendered":"<div class=\"helpful-block-content wth-theme-thumbs\" data-title=\"\" >\n<ul>\n<li><span class=\"wth-title\">Czy artyku\u0142 by\u0142 pomocny?<\/span><\/li>\n<li><a data-post=\"3251\" data-post-url=\"https:\/\/homecloud.pl\/support\/\" data-post-title=\"Strona g\u0142\u00f3wna\" data-response=\"1\" href=\"#\" class=\"wth-green-btn icon-thumbsup\">TAK<\/a>&nbsp; &nbsp;<a data-response=\"0\" data-post=\"3251\" data-post-url=\"https:\/\/homecloud.pl\/support\/\" data-post-title=\"Strona g\u0142\u00f3wna\" href=\"#\" class=\"wth-red-btn icon-thumbsdown\">Nie<\/a><\/li>\n<\/ul>\n<\/div>","protected":false},"excerpt":{"rendered":"<p>Czy artyku\u0142 by\u0142 pomocny? TAK&nbsp; &nbsp;Nie<\/p>\n","protected":false},"author":25,"featured_media":0,"parent":0,"menu_order":4,"comment_status":"closed","ping_status":"closed","template":"template-home.php","meta":{"footnotes":""},"class_list":["post-3251","page","type-page","status-publish","hentry"],"yoast_head":"<!-- This site is optimized with the Yoast SEO plugin v27.3 - https:\/\/yoast.com\/product\/yoast-seo-wordpress\/ -->\n<title>Strona g\u0142\u00f3wna - homecloud.pl - Centrum Pomocy<\/title>\n<meta name=\"robots\" content=\"index, follow, max-snippet:-1, max-image-preview:large, max-video-preview:-1\" \/>\n<link rel=\"canonical\" href=\"https:\/\/homecloud.pl\/support\/\" \/>\n<meta property=\"og:locale\" content=\"pl_PL\" \/>\n<meta property=\"og:type\" content=\"article\" \/>\n<meta property=\"og:title\" content=\"Strona g\u0142\u00f3wna - homecloud.pl - Centrum Pomocy\" \/>\n<meta property=\"og:description\" content=\"Czy artyku\u0142 by\u0142 pomocny? TAK&nbsp; &nbsp;Nie\" \/>\n<meta property=\"og:url\" content=\"https:\/\/homecloud.pl\/support\/\" \/>\n<meta property=\"og:site_name\" content=\"homecloud.pl\/support\" \/>\n<meta property=\"article:publisher\" content=\"https:\/\/www.facebook.com\/Homecloudpl\/\" \/>\n<meta property=\"article:modified_time\" content=\"2021-05-06T18:54:46+00:00\" \/>\n<meta name=\"twitter:card\" content=\"summary_large_image\" \/>\n<meta name=\"twitter:site\" content=\"@home_pl\" \/>\n<script type=\"application\/ld+json\" class=\"yoast-schema-graph\">{\"@context\":\"https:\\\/\\\/schema.org\",\"@graph\":[{\"@type\":\"WebPage\",\"@id\":\"https:\\\/\\\/homecloud.pl\\\/support\\\/\",\"url\":\"https:\\\/\\\/homecloud.pl\\\/support\\\/\",\"name\":\"Strona g\u0142\u00f3wna - homecloud.pl - Centrum Pomocy\",\"isPartOf\":{\"@id\":\"https:\\\/\\\/homecloud.pl\\\/support\\\/#website\"},\"datePublished\":\"2014-05-29T14:23:04+00:00\",\"dateModified\":\"2021-05-06T18:54:46+00:00\",\"breadcrumb\":{\"@id\":\"https:\\\/\\\/homecloud.pl\\\/support\\\/#breadcrumb\"},\"inLanguage\":\"pl-PL\",\"potentialAction\":[{\"@type\":\"ReadAction\",\"target\":[\"https:\\\/\\\/homecloud.pl\\\/support\\\/\"]}]},{\"@type\":\"BreadcrumbList\",\"@id\":\"https:\\\/\\\/homecloud.pl\\\/support\\\/#breadcrumb\",\"itemListElement\":[{\"@type\":\"ListItem\",\"position\":1,\"name\":\"Strona g\u0142\u00f3wna\",\"item\":\"https:\\\/\\\/homecloud.pl\\\/support\\\/\"},{\"@type\":\"ListItem\",\"position\":2,\"name\":\"Strona g\u0142\u00f3wna\"}]},{\"@type\":\"WebSite\",\"@id\":\"https:\\\/\\\/homecloud.pl\\\/support\\\/#website\",\"url\":\"https:\\\/\\\/homecloud.pl\\\/support\\\/\",\"name\":\"homecloud.pl\\\/support\",\"description\":\"\",\"potentialAction\":[{\"@type\":\"SearchAction\",\"target\":{\"@type\":\"EntryPoint\",\"urlTemplate\":\"https:\\\/\\\/homecloud.pl\\\/support\\\/?s={search_term_string}\"},\"query-input\":{\"@type\":\"PropertyValueSpecification\",\"valueRequired\":true,\"valueName\":\"search_term_string\"}}],\"inLanguage\":\"pl-PL\"}]}<\/script>\n<!-- \/ Yoast SEO plugin. -->","yoast_head_json":{"title":"Strona g\u0142\u00f3wna - homecloud.pl - Centrum Pomocy","robots":{"index":"index","follow":"follow","max-snippet":"max-snippet:-1","max-image-preview":"max-image-preview:large","max-video-preview":"max-video-preview:-1"},"canonical":"https:\/\/homecloud.pl\/support\/","og_locale":"pl_PL","og_type":"article","og_title":"Strona g\u0142\u00f3wna - homecloud.pl - Centrum Pomocy","og_description":"Czy artyku\u0142 by\u0142 pomocny? TAK&nbsp; &nbsp;Nie","og_url":"https:\/\/homecloud.pl\/support\/","og_site_name":"homecloud.pl\/support","article_publisher":"https:\/\/www.facebook.com\/Homecloudpl\/","article_modified_time":"2021-05-06T18:54:46+00:00","twitter_card":"summary_large_image","twitter_site":"@home_pl","schema":{"@context":"https:\/\/schema.org","@graph":[{"@type":"WebPage","@id":"https:\/\/homecloud.pl\/support\/","url":"https:\/\/homecloud.pl\/support\/","name":"Strona g\u0142\u00f3wna - homecloud.pl - Centrum Pomocy","isPartOf":{"@id":"https:\/\/homecloud.pl\/support\/#website"},"datePublished":"2014-05-29T14:23:04+00:00","dateModified":"2021-05-06T18:54:46+00:00","breadcrumb":{"@id":"https:\/\/homecloud.pl\/support\/#breadcrumb"},"inLanguage":"pl-PL","potentialAction":[{"@type":"ReadAction","target":["https:\/\/homecloud.pl\/support\/"]}]},{"@type":"BreadcrumbList","@id":"https:\/\/homecloud.pl\/support\/#breadcrumb","itemListElement":[{"@type":"ListItem","position":1,"name":"Strona g\u0142\u00f3wna","item":"https:\/\/homecloud.pl\/support\/"},{"@type":"ListItem","position":2,"name":"Strona g\u0142\u00f3wna"}]},{"@type":"WebSite","@id":"https:\/\/homecloud.pl\/support\/#website","url":"https:\/\/homecloud.pl\/support\/","name":"homecloud.pl\/support","description":"","potentialAction":[{"@type":"SearchAction","target":{"@type":"EntryPoint","urlTemplate":"https:\/\/homecloud.pl\/support\/?s={search_term_string}"},"query-input":{"@type":"PropertyValueSpecification","valueRequired":true,"valueName":"search_term_string"}}],"inLanguage":"pl-PL"}]}},"_links":{"self":[{"href":"https:\/\/homecloud.pl\/support\/wp-json\/wp\/v2\/pages\/3251","targetHints":{"allow":["GET"]}}],"collection":[{"href":"https:\/\/homecloud.pl\/support\/wp-json\/wp\/v2\/pages"}],"about":[{"href":"https:\/\/homecloud.pl\/support\/wp-json\/wp\/v2\/types\/page"}],"author":[{"embeddable":true,"href":"https:\/\/homecloud.pl\/support\/wp-json\/wp\/v2\/users\/25"}],"replies":[{"embeddable":true,"href":"https:\/\/homecloud.pl\/support\/wp-json\/wp\/v2\/comments?post=3251"}],"version-history":[{"count":1,"href":"https:\/\/homecloud.pl\/support\/wp-json\/wp\/v2\/pages\/3251\/revisions"}],"predecessor-version":[{"id":3252,"href":"https:\/\/homecloud.pl\/support\/wp-json\/wp\/v2\/pages\/3251\/revisions\/3252"}],"wp:attachment":[{"href":"https:\/\/homecloud.pl\/support\/wp-json\/wp\/v2\/media?parent=3251"}],"curies":[{"name":"wp","href":"https:\/\/api.w.org\/{rel}","templated":true}]}}